
{"id":741,"date":"2018-12-27T12:44:21","date_gmt":"2018-12-27T12:44:21","guid":{"rendered":"https:\/\/trainalda.pt\/?page_id=741"},"modified":"2019-01-25T17:22:41","modified_gmt":"2019-01-25T17:22:41","slug":"politica-de-privacidade","status":"publish","type":"page","link":"https:\/\/trainalda.pt\/en\/politica-de-privacidade\/","title":{"rendered":"Privacy Policy"},"content":{"rendered":"<p><div class=\"fusion-fullwidth fullwidth-box fusion-builder-row-2 nonhundred-percent-fullwidth non-hundred-percent-height-scrolling\" style=\"--awb-border-radius-top-left:0px;--awb-border-radius-top-right:0px;--awb-border-radius-bottom-right:0px;--awb-border-radius-bottom-left:0px;\" ><div class=\"fusion-builder-row fusion-row\"><div class=\"fusion-layout-column fusion_builder_column fusion-builder-column-1 fusion_builder_column_1_1 1_1 fusion-one-full fusion-column-first fusion-column-last\" style=\"--awb-bg-size:cover;\"><div class=\"fusion-column-wrapper fusion-flex-column-wrapper-legacy\"><div class=\"fusion-title title fusion-title-2 fusion-sep-none fusion-title-text fusion-title-size-one\"><h1 class=\"title-heading-left fusion-responsive-typography-calculated\" style=\"margin:0;--fontSize:34;line-height:1.4;\"><div class=\"oSioSc\">\n<div id=\"tw-target\">\n<div id=\"tw-target-text-container\" class=\"gsrt tw-ta-container tw-nfl\">\n<h2 id=\"tw-target-text\" class=\"tw-data-text tw-ta tw-text-small\" dir=\"ltr\" data-placeholder=\"Tradu\u00e7\u00e3o\"><strong><span lang=\"en\">Confidentiality, security and use of information<\/span><\/strong><\/h2>\n<\/div>\n<\/div>\n<\/div><\/h1><\/div><div class=\"fusion-text fusion-text-3\"><p><span class=\"tlid-translation translation\"><span class=\"\" title=\"\">Trainalda is responsible for processing the personal data of the user \/ entity and informs that these data will be processed in accordance with the provisions of the current rules on the personal data protection, Regulation (EU) 2016\/679 of April 27, 2016<\/span>\u00a0<span class=\"\" title=\"\">(GDPR), whereby the following treatment information is provided:<\/span><\/span><\/p>\n<ul>\n<li><span class=\"tlid-translation translation\"><span class=\"\" title=\"\"><strong>Purpose of the treatment:<\/strong> Contact and commercial relation.<\/span><\/span><\/li>\n<li><span class=\"tlid-translation translation\"><span class=\"\" title=\"\"><strong>Data retention criteria:<\/strong> They will be kept as long as there is a mutual interest to maintain the contact and \/ or commercial relationship, except for legal obligation.<\/span><\/span><\/li>\n<li><span class=\"tlid-translation translation\"><span class=\"\" title=\"\"><strong>Communication of the data:<\/strong> The data will not be communicated to third parties, except for legal obligation.<\/span><\/span><\/li>\n<li><span class=\"tlid-translation translation\"><span class=\"\" title=\"\"><strong>Rights relating to the User \/ Entity:<\/strong> Right to withdraw consent at any time.<\/span>\u00a0<span title=\"\">Right to access your personal data, and for this purpose you must request access to Trainalda by email at\u00a0<a href=\"mailto:trainalda@trainalda.pt\">trainalda@trainalda.pt<\/a>\u00a0or in writing.<\/span>\u00a0<span title=\"\">Right to file a complaint with the Legal Control Authority (<a href=\"https:\/\/www.cnpd.pt\/\" target=\"_blank\" rel=\"noopener\">CNPD<\/a>) if it considers that the treatment does not comply with the standards in force.<\/span><\/span><\/li>\n<\/ul>\n<\/div><div class=\"fusion-sep-clear\"><\/div><div class=\"fusion-separator fusion-full-width-sep\" style=\"margin-left: auto;margin-right: auto;margin-bottom:30px;width:100%;\"><\/div><div class=\"fusion-sep-clear\"><\/div><div class=\"fusion-text fusion-text-4\"><p><span class=\"tlid-translation translation\"><span class=\"\" title=\"\">Trainalda offers a wide range of aluminum packaging solutions for the food industry and services, targeting the market for resale packaging.<\/span><\/span><\/p>\n<p><span class=\"tlid-translation translation\"><span class=\"\" title=\"\">The data contained in Trainalda\u2019s databases are confidential and are not transferred to third parties without the prior consent of the parties, except for a legal obligation.<\/span><\/span><\/p>\n<p><span class=\"tlid-translation translation\"><span class=\"\" title=\"\">Trainalda clarifies that the use of the information contained in these databases is exclusively related to the commercial relationship between the parties.<\/span><\/span><\/p>\n<p><span class=\"\" title=\"\">The personal information you collect and keep on file are only those that were voluntarily provided by the contactors.<\/span><\/p>\n<p><span class=\"\" title=\"\">The personal data collected and maintained by Trainalda are processed internally, and are only intended to maintain and establish contacts and \/ or information related to the commercial activity.<\/span><\/p>\n<p><span class=\"\" title=\"\">Trainalda undertakes not to transfer personal data to third parties, except in specific and specific cases in which they expressly authorize it in writing or unless it is legally bound.<\/span><\/p>\n<h2 data-fontsize=\"18\" data-lineheight=\"27\"><strong>Rectification or cancellation<\/strong><\/h2>\n<p><span class=\"\" title=\"\">Users \/ entities have the right to request access to and rectification of their data, simply by sending your request to Trainalda by email at <a href=\"mailto:trainalda@trainalda.pt\">trainalda@trainalda.pt<\/a> or by writing to our address at<\/span>\u00a0<span title=\"\">last paragraph \u201cResponsible Entity\u201d.<\/span><\/p>\n<h2 data-fontsize=\"18\" data-lineheight=\"27\"><strong><span class=\"tlid-translation translation\"><span class=\"\" title=\"\">Information preservation<\/span><\/span><\/strong><\/h2>\n<p><span class=\"tlid-translation translation\"><span class=\"\" title=\"\">They will be preserved as long as there is a mutual interest to maintain the contact or commercial relationship, except legal obligation.<\/span><\/span><\/p>\n<h2 data-fontsize=\"18\" data-lineheight=\"27\"><strong>Cookies<\/strong><\/h2>\n<p><span class=\"tlid-translation translation\"><span class=\"\" title=\"\">When we visit a site there are small files (cookies) that are recorded on our computer and that serve to identify our computer on a next visit to the same site.\u00a0<\/span><span title=\"\">Cookies save only browsing preferences but do not contain any personal information.<\/span><\/span><\/p>\n<p><span title=\"\">However, cookies can at any time be deleted from a computer by simply removing them from the browser\u2019s privacy and security options.<\/span><\/p>\n<p><a href=\"http:\/\/www.allaboutcookies.org\/\" target=\"_blank\" rel=\"noopener\"><span class=\"tlid-translation translation\"><span class=\"\" title=\"\">More information about cookies<\/span><\/span><\/a><\/p>\n<h2 data-fontsize=\"18\" data-lineheight=\"27\"><strong>Responsible Entity<\/strong><\/h2>\n<p><span class=\"tlid-translation translation\"><span class=\"\" title=\"\">The entity responsible for this site is Trainalda with its headquarters at Rua do Mercado, n\u00ba 22A, 2725-393 \u2013 Mem Martins \u2013 Portugal.<\/span>\u00a0<span class=\"\" title=\"\">All contacts are available in the\u00a0<a href=\"https:\/\/trainalda.pt\/contactos\/\">Contacts<\/a>\u00a0section.<\/span><\/span><\/p>\n<hr \/>\n<p>Last update: January 2, 2019<\/p>\n<\/div><div class=\"fusion-clearfix\"><\/div><\/div><\/div><\/div><\/div><\/p>","protected":false},"excerpt":{"rendered":"","protected":false},"author":1,"featured_media":0,"parent":0,"menu_order":0,"comment_status":"closed","ping_status":"closed","template":"","meta":[],"yoast_head":"<!-- This site is optimized with the Yoast SEO plugin v19.13 - https:\/\/yoast.com\/wordpress\/plugins\/seo\/ -->\n<title>Privacy Policy - Trainalda<\/title>\n<meta name=\"description\" content=\"A Trainalda \u00e9 respons\u00e1vel pelo processamento de dados pessoais e informa que esses dados ser\u00e3o processados de acordo com as regras atuais do RGPD.\" \/>\n<meta name=\"robots\" content=\"index, follow, max-snippet:-1, max-image-preview:large, max-video-preview:-1\" \/>\n<link rel=\"canonical\" href=\"https:\/\/trainalda.pt\/politica-de-privacidade\/\" \/>\n<meta property=\"og:locale\" content=\"en_US\" \/>\n<meta property=\"og:type\" content=\"article\" \/>\n<meta property=\"og:title\" content=\"Privacy Policy - Trainalda\" \/>\n<meta property=\"og:description\" content=\"A Trainalda \u00e9 respons\u00e1vel pelo processamento de dados pessoais e informa que esses dados ser\u00e3o processados de acordo com as regras atuais do RGPD.\" \/>\n<meta property=\"og:url\" content=\"https:\/\/trainalda.pt\/politica-de-privacidade\/\" \/>\n<meta property=\"og:site_name\" content=\"Trainalda\" \/>\n<meta property=\"article:modified_time\" content=\"2019-01-25T17:22:41+00:00\" \/>\n<meta name=\"twitter:card\" content=\"summary_large_image\" \/>\n<meta name=\"twitter:label1\" content=\"Est. reading time\" \/>\n\t<meta name=\"twitter:data1\" content=\"8 minutes\" \/>\n<script type=\"application\/ld+json\" class=\"yoast-schema-graph\">{\"@context\":\"https:\/\/schema.org\",\"@graph\":[{\"@type\":\"WebPage\",\"@id\":\"https:\/\/trainalda.pt\/politica-de-privacidade\/\",\"url\":\"https:\/\/trainalda.pt\/politica-de-privacidade\/\",\"name\":\"Privacy Policy - Trainalda\",\"isPartOf\":{\"@id\":\"https:\/\/trainalda.pt\/#website\"},\"datePublished\":\"2018-12-27T12:44:21+00:00\",\"dateModified\":\"2019-01-25T17:22:41+00:00\",\"description\":\"A Trainalda \u00e9 respons\u00e1vel pelo processamento de dados pessoais e informa que esses dados ser\u00e3o processados de acordo com as regras atuais do RGPD.\",\"breadcrumb\":{\"@id\":\"https:\/\/trainalda.pt\/politica-de-privacidade\/#breadcrumb\"},\"inLanguage\":\"en-US\",\"potentialAction\":[{\"@type\":\"ReadAction\",\"target\":[\"https:\/\/trainalda.pt\/politica-de-privacidade\/\"]}]},{\"@type\":\"BreadcrumbList\",\"@id\":\"https:\/\/trainalda.pt\/politica-de-privacidade\/#breadcrumb\",\"itemListElement\":[{\"@type\":\"ListItem\",\"position\":1,\"name\":\"In\u00edcio\",\"item\":\"https:\/\/trainalda.pt\/\"},{\"@type\":\"ListItem\",\"position\":2,\"name\":\"Pol\u00edtica de Privacidade\"}]},{\"@type\":\"WebSite\",\"@id\":\"https:\/\/trainalda.pt\/#website\",\"url\":\"https:\/\/trainalda.pt\/\",\"name\":\"Trainalda\",\"description\":\"Transformadora Industrial de Alum\u00ednio, LDA\",\"publisher\":{\"@id\":\"https:\/\/trainalda.pt\/#organization\"},\"potentialAction\":[{\"@type\":\"SearchAction\",\"target\":{\"@type\":\"EntryPoint\",\"urlTemplate\":\"https:\/\/trainalda.pt\/?s={search_term_string}\"},\"query-input\":\"required name=search_term_string\"}],\"inLanguage\":\"en-US\"},{\"@type\":\"Organization\",\"@id\":\"https:\/\/trainalda.pt\/#organization\",\"name\":\"Trainalda - Transformadora Industrial De Alum\u00ednio Lda\",\"url\":\"https:\/\/trainalda.pt\/\",\"logo\":{\"@type\":\"ImageObject\",\"inLanguage\":\"en-US\",\"@id\":\"https:\/\/trainalda.pt\/#\/schema\/logo\/image\/\",\"url\":\"https:\/\/trainalda.pt\/wp-content\/uploads\/trainalda_logo.png\",\"contentUrl\":\"https:\/\/trainalda.pt\/wp-content\/uploads\/trainalda_logo.png\",\"width\":221,\"height\":33,\"caption\":\"Trainalda - Transformadora Industrial De Alum\u00ednio Lda\"},\"image\":{\"@id\":\"https:\/\/trainalda.pt\/#\/schema\/logo\/image\/\"}}]}<\/script>\n<!-- \/ Yoast SEO plugin. -->","yoast_head_json":{"title":"Privacy Policy - Trainalda","description":"A Trainalda \u00e9 respons\u00e1vel pelo processamento de dados pessoais e informa que esses dados ser\u00e3o processados de acordo com as regras atuais do RGPD.","robots":{"index":"index","follow":"follow","max-snippet":"max-snippet:-1","max-image-preview":"max-image-preview:large","max-video-preview":"max-video-preview:-1"},"canonical":"https:\/\/trainalda.pt\/politica-de-privacidade\/","og_locale":"en_US","og_type":"article","og_title":"Privacy Policy - Trainalda","og_description":"A Trainalda \u00e9 respons\u00e1vel pelo processamento de dados pessoais e informa que esses dados ser\u00e3o processados de acordo com as regras atuais do RGPD.","og_url":"https:\/\/trainalda.pt\/politica-de-privacidade\/","og_site_name":"Trainalda","article_modified_time":"2019-01-25T17:22:41+00:00","twitter_card":"summary_large_image","twitter_misc":{"Est. reading time":"8 minutes"},"schema":{"@context":"https:\/\/schema.org","@graph":[{"@type":"WebPage","@id":"https:\/\/trainalda.pt\/politica-de-privacidade\/","url":"https:\/\/trainalda.pt\/politica-de-privacidade\/","name":"Privacy Policy - Trainalda","isPartOf":{"@id":"https:\/\/trainalda.pt\/#website"},"datePublished":"2018-12-27T12:44:21+00:00","dateModified":"2019-01-25T17:22:41+00:00","description":"A Trainalda \u00e9 respons\u00e1vel pelo processamento de dados pessoais e informa que esses dados ser\u00e3o processados de acordo com as regras atuais do RGPD.","breadcrumb":{"@id":"https:\/\/trainalda.pt\/politica-de-privacidade\/#breadcrumb"},"inLanguage":"en-US","potentialAction":[{"@type":"ReadAction","target":["https:\/\/trainalda.pt\/politica-de-privacidade\/"]}]},{"@type":"BreadcrumbList","@id":"https:\/\/trainalda.pt\/politica-de-privacidade\/#breadcrumb","itemListElement":[{"@type":"ListItem","position":1,"name":"In\u00edcio","item":"https:\/\/trainalda.pt\/"},{"@type":"ListItem","position":2,"name":"Pol\u00edtica de Privacidade"}]},{"@type":"WebSite","@id":"https:\/\/trainalda.pt\/#website","url":"https:\/\/trainalda.pt\/","name":"Trainalda","description":"Transformadora Industrial de Alum\u00ednio, LDA","publisher":{"@id":"https:\/\/trainalda.pt\/#organization"},"potentialAction":[{"@type":"SearchAction","target":{"@type":"EntryPoint","urlTemplate":"https:\/\/trainalda.pt\/?s={search_term_string}"},"query-input":"required name=search_term_string"}],"inLanguage":"en-US"},{"@type":"Organization","@id":"https:\/\/trainalda.pt\/#organization","name":"Trainalda - Transformadora Industrial De Alum\u00ednio Lda","url":"https:\/\/trainalda.pt\/","logo":{"@type":"ImageObject","inLanguage":"en-US","@id":"https:\/\/trainalda.pt\/#\/schema\/logo\/image\/","url":"https:\/\/trainalda.pt\/wp-content\/uploads\/trainalda_logo.png","contentUrl":"https:\/\/trainalda.pt\/wp-content\/uploads\/trainalda_logo.png","width":221,"height":33,"caption":"Trainalda - Transformadora Industrial De Alum\u00ednio Lda"},"image":{"@id":"https:\/\/trainalda.pt\/#\/schema\/logo\/image\/"}}]}},"_links":{"self":[{"href":"https:\/\/trainalda.pt\/en\/wp-json\/wp\/v2\/pages\/741"}],"collection":[{"href":"https:\/\/trainalda.pt\/en\/wp-json\/wp\/v2\/pages"}],"about":[{"href":"https:\/\/trainalda.pt\/en\/wp-json\/wp\/v2\/types\/page"}],"author":[{"embeddable":true,"href":"https:\/\/trainalda.pt\/en\/wp-json\/wp\/v2\/users\/1"}],"replies":[{"embeddable":true,"href":"https:\/\/trainalda.pt\/en\/wp-json\/wp\/v2\/comments?post=741"}],"version-history":[{"count":0,"href":"https:\/\/trainalda.pt\/en\/wp-json\/wp\/v2\/pages\/741\/revisions"}],"wp:attachment":[{"href":"https:\/\/trainalda.pt\/en\/wp-json\/wp\/v2\/media?parent=741"}],"curies":[{"name":"wp","href":"https:\/\/api.w.org\/{rel}","templated":true}]}}