
{"id":30,"date":"2018-07-12T07:55:50","date_gmt":"2018-07-12T07:55:50","guid":{"rendered":"https:\/\/trainalda.pt\/?page_id=30"},"modified":"2024-07-24T11:42:44","modified_gmt":"2024-07-24T11:42:44","slug":"contactos","status":"publish","type":"page","link":"https:\/\/trainalda.pt\/en\/contactos\/","title":{"rendered":"Contacts"},"content":{"rendered":"<p><div class=\"fusion-fullwidth fullwidth-box fusion-builder-row-3 nonhundred-percent-fullwidth non-hundred-percent-height-scrolling\" style=\"--awb-border-radius-top-left:0px;--awb-border-radius-top-right:0px;--awb-border-radius-bottom-right:0px;--awb-border-radius-bottom-left:0px;\" ><div class=\"fusion-builder-row fusion-row\"><div class=\"fusion-layout-column fusion_builder_column fusion-builder-column-5 fusion_builder_column_1_2 1_2 fusion-one-half fusion-column-first\" style=\"--awb-bg-size:cover;width:50%;width:calc(50% - ( ( 4% ) * 0.5 ) );margin-right: 4%;\"><div class=\"fusion-column-wrapper fusion-flex-column-wrapper-legacy\">\t\t\t\t\t<script type=\"text\/javascript\">\n\t\t\t\t\t\tvar map_fusion_map_69f7561f0aa88;\n\t\t\t\t\t\tvar markers = [];\n\t\t\t\t\t\tvar counter = 0;\n\t\t\t\t\t\t\t\t\t\t\t\tfunction fusion_run_map_fusion_map_69f7561f0aa88() {\n\t\t\t\t\t\t\tjQuery('#fusion_map_69f7561f0aa88').fusion_maps({\n\t\t\t\t\t\t\t\taddresses: [{\"address\":\"Rua do Mercado, n\\u00ba 22A<br \\\/>\\n2725-393 \\u2013 Mem Martins<br \\\/>\\nPortugal\",\"infobox_content\":\"Rua do Mercado, n\\u00ba 22A<br \\\/>\\n2725-393 \\u2013 Mem Martins<br \\\/>\\nPortugal\",\"marker\":\"https:\\\/\\\/trainalda.pt\\\/wp-content\\\/plugins\\\/fusion-builder\\\/images\\\/avada_map_marker.png\",\"coordinates\":false,\"cache\":true,\"latitude\":\"38.7827603\",\"longitude\":\"-9.344963300000018\"}],\n\t\t\t\t\t\t\t\tanimations: true,\n\t\t\t\t\t\t\t\tinfobox_background_color: 'rgba(232, 109, 12, 0.8)',\n\t\t\t\t\t\t\t\tinfobox_styling: 'custom',\n\t\t\t\t\t\t\t\tinfobox_text_color: '#fff',\n\t\t\t\t\t\t\t\tmap_style: 'custom',\n\t\t\t\t\t\t\t\tmap_type: 'roadmap',\n\t\t\t\t\t\t\t\tmarker_icon: 'theme',\n\t\t\t\t\t\t\t\toverlay_color: '#e86d0c',\n\t\t\t\t\t\t\t\toverlay_color_hsl: {\"hue\":26,\"sat\":90,\"lum\":48},\n\t\t\t\t\t\t\t\tpan_control: true,\n\t\t\t\t\t\t\t\tshow_address: false,\n\t\t\t\t\t\t\t\tscale_control: true,\n\t\t\t\t\t\t\t\tscrollwheel: false,\n\t\t\t\t\t\t\t\tzoom: 14,\n\t\t\t\t\t\t\t\tzoom_control: true,\n\t\t\t\t\t\t\t});\n\t\t\t\t\t\t}\n\n\t\t\t\t\t\tgoogle.maps.event.addDomListener(window, 'load', fusion_run_map_fusion_map_69f7561f0aa88);\n\t\t\t\t\t<\/script>\n\t\t\t\t\t<div class=\"shortcode-map fusion-google-map fusion-maps-js-type\" style=\"--awb-height:540px;\" id=\"fusion_map_69f7561f0aa88\"><\/div><div class=\"fusion-clearfix\"><\/div><\/div><\/div><div class=\"fusion-layout-column fusion_builder_column fusion-builder-column-6 fusion_builder_column_1_2 1_2 fusion-one-half fusion-column-last\" style=\"--awb-bg-size:cover;width:50%;width:calc(50% - ( ( 4% ) * 0.5 ) );\"><div class=\"fusion-column-wrapper fusion-flex-column-wrapper-legacy\"><div class=\"fusion-text fusion-text-5\" style=\"--awb-text-transform:none;\"><div class=\"wpforms-container wpforms-container-full\" id=\"wpforms-1341\"><form id=\"wpforms-form-1341\" class=\"wpforms-validate wpforms-form wpforms-ajax-form\" data-formid=\"1341\" method=\"post\" enctype=\"multipart\/form-data\" action=\"\/en\/wp-json\/wp\/v2\/pages\/30\" data-token=\"03c86887ad4cc2b5c60e207d0c98cd41\" data-token-time=\"1777817119\"><noscript class=\"wpforms-error-noscript\">Please enable JavaScript in your browser to complete this form.<\/noscript><div class=\"wpforms-field-container\"><div id=\"wpforms-1341-field_0-container\" class=\"wpforms-field wpforms-field-name wpformsLabels\" data-field-id=\"0\"><label class=\"wpforms-field-label\" for=\"wpforms-1341-field_0\">Name <span class=\"wpforms-required-label\">*<\/span><\/label><input type=\"text\" id=\"wpforms-1341-field_0\" class=\"wpforms-field-medium wpforms-field-required\" name=\"wpforms[fields][0]\" required><\/div><div id=\"wpforms-1341-field_1-container\" class=\"wpforms-field wpforms-field-email wpformsLabels\" data-field-id=\"1\"><label class=\"wpforms-field-label\" for=\"wpforms-1341-field_1\">Email <span class=\"wpforms-required-label\">*<\/span><\/label><input type=\"email\" id=\"wpforms-1341-field_1\" class=\"wpforms-field-medium wpforms-field-required\" name=\"wpforms[fields][1]\" spellcheck=\"false\" required><\/div><div id=\"wpforms-1341-field_7-container\" class=\"wpforms-field wpforms-field-text wpformsLabels\" data-field-id=\"7\"><label class=\"wpforms-field-label\" for=\"wpforms-1341-field_7\">Company <span class=\"wpforms-required-label\">*<\/span><\/label><input type=\"text\" id=\"wpforms-1341-field_7\" class=\"wpforms-field-medium wpforms-field-required\" name=\"wpforms[fields][7]\" required><\/div><div id=\"wpforms-1341-field_8-container\" class=\"wpforms-field wpforms-field-text wpformsLabels\" data-field-id=\"8\"><label class=\"wpforms-field-label\" for=\"wpforms-1341-field_8\">Telephone <span class=\"wpforms-required-label\">*<\/span><\/label><input type=\"text\" id=\"wpforms-1341-field_8\" class=\"wpforms-field-medium wpforms-field-required\" name=\"wpforms[fields][8]\" required><\/div><div id=\"wpforms-1341-field_2-container\" class=\"wpforms-field wpforms-field-textarea wpformsLabels\" data-field-id=\"2\"><label class=\"wpforms-field-label\" for=\"wpforms-1341-field_2\">Message <span class=\"wpforms-required-label\">*<\/span><\/label><textarea id=\"wpforms-1341-field_2\" class=\"wpforms-field-medium wpforms-field-required\" name=\"wpforms[fields][2]\" required><\/textarea><\/div><div id=\"wpforms-1341-field_9-container\" class=\"wpforms-field wpforms-field-checkbox wpformsLabels\" data-field-id=\"9\"><label class=\"wpforms-field-label wpforms-label-hide\">Checkboxes <span class=\"wpforms-required-label\">*<\/span><\/label><ul id=\"wpforms-1341-field_9\" class=\"wpforms-field-required\"><li class=\"choice-1 depth-1\"><input type=\"checkbox\" id=\"wpforms-1341-field_9_1\" name=\"wpforms[fields][9][]\" value=\"I have read and I agree with the &lt;a href=&quot;https:\/\/trainalda.pt\/en\/politica-de-privacidade\/&quot; target=&quot;_blank&quot; style=&quot;text-decoration: underline;&quot;&gt;Privacy Policy&lt;\/a&gt;\" required ><label class=\"wpforms-field-label-inline\" for=\"wpforms-1341-field_9_1\">I have read and I agree with the <a href=\"https:\/\/trainalda.pt\/en\/politica-de-privacidade\/\" target=\"_blank\" style=\"text-decoration: underline\">Privacy Policy<\/a><\/label><\/li><\/ul><\/div><\/div><!-- .wpforms-field-container --><div class=\"wpforms-recaptcha-container wpforms-is-recaptcha wpforms-is-recaptcha-type-v3\" ><input type=\"hidden\" name=\"wpforms[recaptcha]\" value=\"\"><\/div><div class=\"wpforms-submit-container\" ><input type=\"hidden\" name=\"wpforms[id]\" value=\"1341\"><input type=\"hidden\" name=\"page_title\" value=\"\"><input type=\"hidden\" name=\"page_url\" value=\"https:\/\/trainalda.pt\/en\/wp-json\/wp\/v2\/pages\/30\"><input type=\"hidden\" name=\"url_referer\" value=\"\"><button type=\"submit\" name=\"wpforms[submit]\" id=\"wpforms-submit-1341\" class=\"wpforms-submit\" data-alt-text=\"Sending...\" data-submit-text=\"Send\" aria-live=\"assertive\" value=\"wpforms-submit\">Send<\/button><img src=\"https:\/\/trainalda.pt\/wp-content\/plugins\/wpforms\/assets\/images\/submit-spin.svg\" class=\"wpforms-submit-spinner\" style=\"display: none;\" width=\"26\" height=\"26\" alt=\"Loading\"><\/div><\/form><\/div>  <!-- .wpforms-container -->\n<\/div><div class=\"fusion-clearfix\"><\/div><\/div><\/div><\/div><\/div><div class=\"fusion-fullwidth fullwidth-box fusion-builder-row-4 nonhundred-percent-fullwidth non-hundred-percent-height-scrolling\" style=\"--awb-border-radius-top-left:0px;--awb-border-radius-top-right:0px;--awb-border-radius-bottom-right:0px;--awb-border-radius-bottom-left:0px;\" ><div class=\"fusion-builder-row fusion-row\"><div class=\"fusion-layout-column fusion_builder_column fusion-builder-column-7 fusion_builder_column_1_4 1_4 fusion-one-fourth fusion-column-first\" style=\"--awb-bg-size:cover;width:25%;width:calc(25% - ( ( 4% + 4% ) * 0.25 ) );margin-right: 4%;\"><div class=\"fusion-column-wrapper fusion-flex-column-wrapper-legacy\"><div class=\"fusion-text fusion-text-6\"><p><i class=\"fas fa-map-marker-alt\"><\/i><a href=\"https:\/\/goo.gl\/maps\/4GDFEcqvQdniD4Dm8\" target=\"_blank\" rel=\"noopener noreferrer\"> Rua do Mercado, n\u00ba 22A<br \/>\n2725-393 \u2013 Mem Martins<br \/>\nPortugal<\/a><\/p>\n<\/div><div class=\"fusion-clearfix\"><\/div><\/div><\/div><div class=\"fusion-layout-column fusion_builder_column fusion-builder-column-8 fusion_builder_column_1_4 1_4 fusion-one-fourth\" style=\"--awb-bg-size:cover;width:25%;width:calc(25% - ( ( 4% + 4% ) * 0.25 ) );margin-right: 4%;\"><div class=\"fusion-column-wrapper fusion-flex-column-wrapper-legacy\"><div class=\"fusion-text fusion-text-7\"><div class=\"gem-contacts-item gem-contacts-phone\"><i class=\"fas fa-phone\"><\/i> <a href=\"tel:+351219207671\" target=\"_blank\" rel=\"noopener noreferrer\">+351 21 920 76 71<\/a><\/div>\n<div class=\"gem-contacts-item gem-contacts-fax\"><i class=\"fas fa-fax\"><\/i> +351 21 920 76 73<\/div>\n<div class=\"gem-contacts-item gem-contacts-email\"><i class=\"far fa-envelope\"><\/i> <a href=\"mailto:geral@trainalda.pt\">geral@trainalda.pt<\/a><\/div>\n<\/div><div class=\"fusion-clearfix\"><\/div><\/div><\/div><div class=\"fusion-layout-column fusion_builder_column fusion-builder-column-9 fusion_builder_column_1_2 1_2 fusion-one-half fusion-column-last\" style=\"--awb-bg-size:cover;width:50%;width:calc(50% - ( ( 4% + 4% ) * 0.5 ) );\"><div class=\"fusion-column-wrapper fusion-flex-column-wrapper-legacy\"><div class=\"fusion-text fusion-text-8\"><div class=\"gem-contacts-item\"><i class=\"fas fa-clock\">\u00a0<\/i><\/div>\n<div class=\"gem-contacts-item\">Monday-Friday: 09:00 \u2013 13:00 | 14:00 \u2013 18:00<\/div>\n<div class=\"gem-contacts-item\">Saturday and Sunday: Closed<\/div>\n<\/div><div class=\"fusion-clearfix\"><\/div><\/div><\/div><\/div><\/div><\/p>","protected":false},"excerpt":{"rendered":"","protected":false},"author":1,"featured_media":0,"parent":0,"menu_order":0,"comment_status":"closed","ping_status":"closed","template":"100-width.php","meta":[],"yoast_head":"<!-- This site is optimized with the Yoast SEO plugin v19.13 - https:\/\/yoast.com\/wordpress\/plugins\/seo\/ -->\n<title>Contacts - Trainalda<\/title>\n<meta name=\"description\" content=\"You can contact us by email, telephone, Client Area or by submitting the form that we provide to the most diverse contacts.\" \/>\n<meta name=\"robots\" content=\"index, follow, max-snippet:-1, max-image-preview:large, max-video-preview:-1\" \/>\n<link rel=\"canonical\" href=\"https:\/\/trainalda.pt\/contactos\/\" \/>\n<meta property=\"og:locale\" content=\"en_US\" \/>\n<meta property=\"og:type\" content=\"article\" \/>\n<meta property=\"og:title\" content=\"Contacts - Trainalda\" \/>\n<meta property=\"og:description\" content=\"{:pt}Pode contactar-nos atrav\u00e9s de email, telefone, \u00c1rea de Cliente ou submetendo o formul\u00e1rio que disponibilizamos para os mais diversos contactos.{:en}You can contact us by email, telephone, Client Area or by submitting the form that we provide to the most diverse contacts.{:}\" \/>\n<meta property=\"og:url\" content=\"https:\/\/trainalda.pt\/contactos\/\" \/>\n<meta property=\"og:site_name\" content=\"Trainalda\" \/>\n<meta property=\"article:modified_time\" content=\"2024-07-24T11:42:44+00:00\" \/>\n<meta name=\"twitter:card\" content=\"summary_large_image\" \/>\n<meta name=\"twitter:label1\" content=\"Est. reading time\" \/>\n\t<meta name=\"twitter:data1\" content=\"3 minutes\" \/>\n<script type=\"application\/ld+json\" class=\"yoast-schema-graph\">{\"@context\":\"https:\/\/schema.org\",\"@graph\":[{\"@type\":\"WebPage\",\"@id\":\"https:\/\/trainalda.pt\/contactos\/\",\"url\":\"https:\/\/trainalda.pt\/contactos\/\",\"name\":\"Contacts - Trainalda\",\"isPartOf\":{\"@id\":\"https:\/\/trainalda.pt\/#website\"},\"datePublished\":\"2018-07-12T07:55:50+00:00\",\"dateModified\":\"2024-07-24T11:42:44+00:00\",\"description\":\"{:pt}Pode contactar-nos atrav\u00e9s de email, telefone, \u00c1rea de Cliente ou submetendo o formul\u00e1rio que disponibilizamos para os mais diversos contactos.{:en}You can contact us by email, telephone, Client Area or by submitting the form that we provide to the most diverse contacts.{:}\",\"breadcrumb\":{\"@id\":\"https:\/\/trainalda.pt\/contactos\/#breadcrumb\"},\"inLanguage\":\"en-US\",\"potentialAction\":[{\"@type\":\"ReadAction\",\"target\":[\"https:\/\/trainalda.pt\/contactos\/\"]}]},{\"@type\":\"BreadcrumbList\",\"@id\":\"https:\/\/trainalda.pt\/contactos\/#breadcrumb\",\"itemListElement\":[{\"@type\":\"ListItem\",\"position\":1,\"name\":\"In\u00edcio\",\"item\":\"https:\/\/trainalda.pt\/\"},{\"@type\":\"ListItem\",\"position\":2,\"name\":\"Contactos\"}]},{\"@type\":\"WebSite\",\"@id\":\"https:\/\/trainalda.pt\/#website\",\"url\":\"https:\/\/trainalda.pt\/\",\"name\":\"Trainalda\",\"description\":\"Transformadora Industrial de Alum\u00ednio, LDA\",\"publisher\":{\"@id\":\"https:\/\/trainalda.pt\/#organization\"},\"potentialAction\":[{\"@type\":\"SearchAction\",\"target\":{\"@type\":\"EntryPoint\",\"urlTemplate\":\"https:\/\/trainalda.pt\/?s={search_term_string}\"},\"query-input\":\"required name=search_term_string\"}],\"inLanguage\":\"en-US\"},{\"@type\":\"Organization\",\"@id\":\"https:\/\/trainalda.pt\/#organization\",\"name\":\"Trainalda - Transformadora Industrial De Alum\u00ednio Lda\",\"url\":\"https:\/\/trainalda.pt\/\",\"logo\":{\"@type\":\"ImageObject\",\"inLanguage\":\"en-US\",\"@id\":\"https:\/\/trainalda.pt\/#\/schema\/logo\/image\/\",\"url\":\"https:\/\/trainalda.pt\/wp-content\/uploads\/trainalda_logo.png\",\"contentUrl\":\"https:\/\/trainalda.pt\/wp-content\/uploads\/trainalda_logo.png\",\"width\":221,\"height\":33,\"caption\":\"Trainalda - Transformadora Industrial De Alum\u00ednio Lda\"},\"image\":{\"@id\":\"https:\/\/trainalda.pt\/#\/schema\/logo\/image\/\"}}]}<\/script>\n<!-- \/ Yoast SEO plugin. -->","yoast_head_json":{"title":"Contacts - Trainalda","description":"You can contact us by email, telephone, Client Area or by submitting the form that we provide to the most diverse contacts.","robots":{"index":"index","follow":"follow","max-snippet":"max-snippet:-1","max-image-preview":"max-image-preview:large","max-video-preview":"max-video-preview:-1"},"canonical":"https:\/\/trainalda.pt\/contactos\/","og_locale":"en_US","og_type":"article","og_title":"Contacts - Trainalda","og_description":"{:pt}Pode contactar-nos atrav\u00e9s de email, telefone, \u00c1rea de Cliente ou submetendo o formul\u00e1rio que disponibilizamos para os mais diversos contactos.{:en}You can contact us by email, telephone, Client Area or by submitting the form that we provide to the most diverse contacts.{:}","og_url":"https:\/\/trainalda.pt\/contactos\/","og_site_name":"Trainalda","article_modified_time":"2024-07-24T11:42:44+00:00","twitter_card":"summary_large_image","twitter_misc":{"Est. reading time":"3 minutes"},"schema":{"@context":"https:\/\/schema.org","@graph":[{"@type":"WebPage","@id":"https:\/\/trainalda.pt\/contactos\/","url":"https:\/\/trainalda.pt\/contactos\/","name":"Contacts - Trainalda","isPartOf":{"@id":"https:\/\/trainalda.pt\/#website"},"datePublished":"2018-07-12T07:55:50+00:00","dateModified":"2024-07-24T11:42:44+00:00","description":"{:pt}Pode contactar-nos atrav\u00e9s de email, telefone, \u00c1rea de Cliente ou submetendo o formul\u00e1rio que disponibilizamos para os mais diversos contactos.{:en}You can contact us by email, telephone, Client Area or by submitting the form that we provide to the most diverse contacts.{:}","breadcrumb":{"@id":"https:\/\/trainalda.pt\/contactos\/#breadcrumb"},"inLanguage":"en-US","potentialAction":[{"@type":"ReadAction","target":["https:\/\/trainalda.pt\/contactos\/"]}]},{"@type":"BreadcrumbList","@id":"https:\/\/trainalda.pt\/contactos\/#breadcrumb","itemListElement":[{"@type":"ListItem","position":1,"name":"In\u00edcio","item":"https:\/\/trainalda.pt\/"},{"@type":"ListItem","position":2,"name":"Contactos"}]},{"@type":"WebSite","@id":"https:\/\/trainalda.pt\/#website","url":"https:\/\/trainalda.pt\/","name":"Trainalda","description":"Transformadora Industrial de Alum\u00ednio, LDA","publisher":{"@id":"https:\/\/trainalda.pt\/#organization"},"potentialAction":[{"@type":"SearchAction","target":{"@type":"EntryPoint","urlTemplate":"https:\/\/trainalda.pt\/?s={search_term_string}"},"query-input":"required name=search_term_string"}],"inLanguage":"en-US"},{"@type":"Organization","@id":"https:\/\/trainalda.pt\/#organization","name":"Trainalda - Transformadora Industrial De Alum\u00ednio Lda","url":"https:\/\/trainalda.pt\/","logo":{"@type":"ImageObject","inLanguage":"en-US","@id":"https:\/\/trainalda.pt\/#\/schema\/logo\/image\/","url":"https:\/\/trainalda.pt\/wp-content\/uploads\/trainalda_logo.png","contentUrl":"https:\/\/trainalda.pt\/wp-content\/uploads\/trainalda_logo.png","width":221,"height":33,"caption":"Trainalda - Transformadora Industrial De Alum\u00ednio Lda"},"image":{"@id":"https:\/\/trainalda.pt\/#\/schema\/logo\/image\/"}}]}},"_links":{"self":[{"href":"https:\/\/trainalda.pt\/en\/wp-json\/wp\/v2\/pages\/30"}],"collection":[{"href":"https:\/\/trainalda.pt\/en\/wp-json\/wp\/v2\/pages"}],"about":[{"href":"https:\/\/trainalda.pt\/en\/wp-json\/wp\/v2\/types\/page"}],"author":[{"embeddable":true,"href":"https:\/\/trainalda.pt\/en\/wp-json\/wp\/v2\/users\/1"}],"replies":[{"embeddable":true,"href":"https:\/\/trainalda.pt\/en\/wp-json\/wp\/v2\/comments?post=30"}],"version-history":[{"count":0,"href":"https:\/\/trainalda.pt\/en\/wp-json\/wp\/v2\/pages\/30\/revisions"}],"wp:attachment":[{"href":"https:\/\/trainalda.pt\/en\/wp-json\/wp\/v2\/media?parent=30"}],"curies":[{"name":"wp","href":"https:\/\/api.w.org\/{rel}","templated":true}]}}