
{"id":28,"date":"2018-07-12T07:55:17","date_gmt":"2018-07-12T07:55:17","guid":{"rendered":"https:\/\/trainalda.pt\/?page_id=28"},"modified":"2019-03-01T15:26:27","modified_gmt":"2019-03-01T15:26:27","slug":"empresa","status":"publish","type":"page","link":"https:\/\/trainalda.pt\/en\/empresa\/","title":{"rendered":"Company"},"content":{"rendered":"<p><div class=\"fusion-fullwidth fullwidth-box fusion-builder-row-2 nonhundred-percent-fullwidth non-hundred-percent-height-scrolling\" style=\"--awb-border-radius-top-left:0px;--awb-border-radius-top-right:0px;--awb-border-radius-bottom-right:0px;--awb-border-radius-bottom-left:0px;\" ><div class=\"fusion-builder-row fusion-row\"><div class=\"fusion-layout-column fusion_builder_column fusion-builder-column-1 fusion_builder_column_1_1 1_1 fusion-one-full fusion-column-first fusion-column-last\" style=\"--awb-bg-size:cover;\"><div class=\"fusion-column-wrapper fusion-flex-column-wrapper-legacy\"><div class=\"fusion-text fusion-text-3\"><p>Trainalda Lda, was born from the desire to offer the food market a high quality aluminum product at a competitive price.<br \/>\nWith the commitment of a specialized and experienced team, Trainalda offers a wide range of aluminum packaging solutions for the food industry and services, with the target market for the resale packaging market. The products supplied are subject to strict quality controls, from the selection of raw materials to production and delivery to each customer, ensuring a quick response to each order.<\/p>\n<\/div><div class=\"fusion-builder-row fusion-builder-row-inner fusion-row\"><div class=\"fusion-layout-column fusion_builder_column_inner fusion-builder-nested-column-1 fusion_builder_column_inner_1_1 1_1 fusion-one-full fusion-column-first fusion-column-last\" style=\"--awb-bg-size:cover;\"><div class=\"fusion-column-wrapper fusion-flex-column-wrapper-legacy\"><div class=\"fusion-clearfix\"><\/div><\/div><\/div><\/div><div class=\"fusion-title title fusion-title-2 fusion-sep-none fusion-title-text fusion-title-size-two\"><h2 class=\"title-heading-left fusion-responsive-typography-calculated\" style=\"margin:0;--fontSize:18;--minFontSize:18;line-height:1.5;\"><h2><strong>Aluminum: an ideal sustainable material to pack your food<\/strong><\/h2><\/h2><\/div><div class=\"fusion-text fusion-text-4\"><p>Aluminum is the 3rd most abundant element in the Earth&#8217;s crust and is extracted from bauxite. It is used for the production of packaging, aluminum with a high degree of purity and that contains other elements in small quantities to give him characteristics specific to each application. The properties of aluminum make this a material of excellence. It is also a sustainable material as it can be infinitely recycled without loss of quality. Its properties &#8211; high conductivity, easy formability, high strength, impermeability to water and oxygen, and sterility for microbial growth, among many others &#8211; make this material a material of excellence as a material to pack its products. To learn more about aluminum as an excellent material for food packaging, see\u00a0<a href=\"https:\/\/www.alufoil.org\" target=\"_blank\" rel=\"noopener noreferrer\">alufoil.org<\/a><\/p>\n<\/div><div class=\"fusion-clearfix\"><\/div><\/div><\/div><\/div><\/div><\/p>","protected":false},"excerpt":{"rendered":"","protected":false},"author":1,"featured_media":0,"parent":0,"menu_order":0,"comment_status":"closed","ping_status":"closed","template":"100-width.php","meta":[],"yoast_head":"<!-- This site is optimized with the Yoast SEO plugin v19.13 - https:\/\/yoast.com\/wordpress\/plugins\/seo\/ -->\n<title>Company - Trainalda<\/title>\n<meta name=\"description\" content=\"A Trainalda proporciona uma gama variada de solu\u00e7\u00f5es de embalagens em alum\u00ednio para a ind\u00fastria e servi\u00e7os alimentares, tendo como alvo o mercado de revenda\" \/>\n<meta name=\"robots\" content=\"index, follow, max-snippet:-1, max-image-preview:large, max-video-preview:-1\" \/>\n<link rel=\"canonical\" href=\"https:\/\/trainalda.pt\/empresa\/\" \/>\n<meta property=\"og:locale\" content=\"en_US\" \/>\n<meta property=\"og:type\" content=\"article\" \/>\n<meta property=\"og:title\" content=\"Company - Trainalda\" \/>\n<meta property=\"og:description\" content=\"A Trainalda proporciona uma gama variada de solu\u00e7\u00f5es de embalagens em alum\u00ednio para a ind\u00fastria e servi\u00e7os alimentares, tendo como alvo o mercado de revenda\" \/>\n<meta property=\"og:url\" content=\"https:\/\/trainalda.pt\/empresa\/\" \/>\n<meta property=\"og:site_name\" content=\"Trainalda\" \/>\n<meta property=\"article:modified_time\" content=\"2019-03-01T15:26:27+00:00\" \/>\n<meta name=\"twitter:card\" content=\"summary_large_image\" \/>\n<meta name=\"twitter:label1\" content=\"Est. reading time\" \/>\n\t<meta name=\"twitter:data1\" content=\"6 minutes\" \/>\n<script type=\"application\/ld+json\" class=\"yoast-schema-graph\">{\"@context\":\"https:\/\/schema.org\",\"@graph\":[{\"@type\":\"WebPage\",\"@id\":\"https:\/\/trainalda.pt\/empresa\/\",\"url\":\"https:\/\/trainalda.pt\/empresa\/\",\"name\":\"Company - Trainalda\",\"isPartOf\":{\"@id\":\"https:\/\/trainalda.pt\/#website\"},\"datePublished\":\"2018-07-12T07:55:17+00:00\",\"dateModified\":\"2019-03-01T15:26:27+00:00\",\"description\":\"A Trainalda proporciona uma gama variada de solu\u00e7\u00f5es de embalagens em alum\u00ednio para a ind\u00fastria e servi\u00e7os alimentares, tendo como alvo o mercado de revenda\",\"breadcrumb\":{\"@id\":\"https:\/\/trainalda.pt\/empresa\/#breadcrumb\"},\"inLanguage\":\"en-US\",\"potentialAction\":[{\"@type\":\"ReadAction\",\"target\":[\"https:\/\/trainalda.pt\/empresa\/\"]}]},{\"@type\":\"BreadcrumbList\",\"@id\":\"https:\/\/trainalda.pt\/empresa\/#breadcrumb\",\"itemListElement\":[{\"@type\":\"ListItem\",\"position\":1,\"name\":\"In\u00edcio\",\"item\":\"https:\/\/trainalda.pt\/\"},{\"@type\":\"ListItem\",\"position\":2,\"name\":\"Empresa\"}]},{\"@type\":\"WebSite\",\"@id\":\"https:\/\/trainalda.pt\/#website\",\"url\":\"https:\/\/trainalda.pt\/\",\"name\":\"Trainalda\",\"description\":\"Transformadora Industrial de Alum\u00ednio, LDA\",\"publisher\":{\"@id\":\"https:\/\/trainalda.pt\/#organization\"},\"potentialAction\":[{\"@type\":\"SearchAction\",\"target\":{\"@type\":\"EntryPoint\",\"urlTemplate\":\"https:\/\/trainalda.pt\/?s={search_term_string}\"},\"query-input\":\"required name=search_term_string\"}],\"inLanguage\":\"en-US\"},{\"@type\":\"Organization\",\"@id\":\"https:\/\/trainalda.pt\/#organization\",\"name\":\"Trainalda - Transformadora Industrial De Alum\u00ednio Lda\",\"url\":\"https:\/\/trainalda.pt\/\",\"logo\":{\"@type\":\"ImageObject\",\"inLanguage\":\"en-US\",\"@id\":\"https:\/\/trainalda.pt\/#\/schema\/logo\/image\/\",\"url\":\"https:\/\/trainalda.pt\/wp-content\/uploads\/trainalda_logo.png\",\"contentUrl\":\"https:\/\/trainalda.pt\/wp-content\/uploads\/trainalda_logo.png\",\"width\":221,\"height\":33,\"caption\":\"Trainalda - Transformadora Industrial De Alum\u00ednio Lda\"},\"image\":{\"@id\":\"https:\/\/trainalda.pt\/#\/schema\/logo\/image\/\"}}]}<\/script>\n<!-- \/ Yoast SEO plugin. -->","yoast_head_json":{"title":"Company - Trainalda","description":"A Trainalda proporciona uma gama variada de solu\u00e7\u00f5es de embalagens em alum\u00ednio para a ind\u00fastria e servi\u00e7os alimentares, tendo como alvo o mercado de revenda","robots":{"index":"index","follow":"follow","max-snippet":"max-snippet:-1","max-image-preview":"max-image-preview:large","max-video-preview":"max-video-preview:-1"},"canonical":"https:\/\/trainalda.pt\/empresa\/","og_locale":"en_US","og_type":"article","og_title":"Company - Trainalda","og_description":"A Trainalda proporciona uma gama variada de solu\u00e7\u00f5es de embalagens em alum\u00ednio para a ind\u00fastria e servi\u00e7os alimentares, tendo como alvo o mercado de revenda","og_url":"https:\/\/trainalda.pt\/empresa\/","og_site_name":"Trainalda","article_modified_time":"2019-03-01T15:26:27+00:00","twitter_card":"summary_large_image","twitter_misc":{"Est. reading time":"6 minutes"},"schema":{"@context":"https:\/\/schema.org","@graph":[{"@type":"WebPage","@id":"https:\/\/trainalda.pt\/empresa\/","url":"https:\/\/trainalda.pt\/empresa\/","name":"Company - Trainalda","isPartOf":{"@id":"https:\/\/trainalda.pt\/#website"},"datePublished":"2018-07-12T07:55:17+00:00","dateModified":"2019-03-01T15:26:27+00:00","description":"A Trainalda proporciona uma gama variada de solu\u00e7\u00f5es de embalagens em alum\u00ednio para a ind\u00fastria e servi\u00e7os alimentares, tendo como alvo o mercado de revenda","breadcrumb":{"@id":"https:\/\/trainalda.pt\/empresa\/#breadcrumb"},"inLanguage":"en-US","potentialAction":[{"@type":"ReadAction","target":["https:\/\/trainalda.pt\/empresa\/"]}]},{"@type":"BreadcrumbList","@id":"https:\/\/trainalda.pt\/empresa\/#breadcrumb","itemListElement":[{"@type":"ListItem","position":1,"name":"In\u00edcio","item":"https:\/\/trainalda.pt\/"},{"@type":"ListItem","position":2,"name":"Empresa"}]},{"@type":"WebSite","@id":"https:\/\/trainalda.pt\/#website","url":"https:\/\/trainalda.pt\/","name":"Trainalda","description":"Transformadora Industrial de Alum\u00ednio, LDA","publisher":{"@id":"https:\/\/trainalda.pt\/#organization"},"potentialAction":[{"@type":"SearchAction","target":{"@type":"EntryPoint","urlTemplate":"https:\/\/trainalda.pt\/?s={search_term_string}"},"query-input":"required name=search_term_string"}],"inLanguage":"en-US"},{"@type":"Organization","@id":"https:\/\/trainalda.pt\/#organization","name":"Trainalda - Transformadora Industrial De Alum\u00ednio Lda","url":"https:\/\/trainalda.pt\/","logo":{"@type":"ImageObject","inLanguage":"en-US","@id":"https:\/\/trainalda.pt\/#\/schema\/logo\/image\/","url":"https:\/\/trainalda.pt\/wp-content\/uploads\/trainalda_logo.png","contentUrl":"https:\/\/trainalda.pt\/wp-content\/uploads\/trainalda_logo.png","width":221,"height":33,"caption":"Trainalda - Transformadora Industrial De Alum\u00ednio Lda"},"image":{"@id":"https:\/\/trainalda.pt\/#\/schema\/logo\/image\/"}}]}},"_links":{"self":[{"href":"https:\/\/trainalda.pt\/en\/wp-json\/wp\/v2\/pages\/28"}],"collection":[{"href":"https:\/\/trainalda.pt\/en\/wp-json\/wp\/v2\/pages"}],"about":[{"href":"https:\/\/trainalda.pt\/en\/wp-json\/wp\/v2\/types\/page"}],"author":[{"embeddable":true,"href":"https:\/\/trainalda.pt\/en\/wp-json\/wp\/v2\/users\/1"}],"replies":[{"embeddable":true,"href":"https:\/\/trainalda.pt\/en\/wp-json\/wp\/v2\/comments?post=28"}],"version-history":[{"count":0,"href":"https:\/\/trainalda.pt\/en\/wp-json\/wp\/v2\/pages\/28\/revisions"}],"wp:attachment":[{"href":"https:\/\/trainalda.pt\/en\/wp-json\/wp\/v2\/media?parent=28"}],"curies":[{"name":"wp","href":"https:\/\/api.w.org\/{rel}","templated":true}]}}